{"id":3051,"date":"2023-03-02T17:07:28","date_gmt":"2023-03-02T20:07:28","guid":{"rendered":"https:\/\/ceramicpro.com.br\/loja\/?page_id=3051"},"modified":"2023-03-02T18:58:55","modified_gmt":"2023-03-02T21:58:55","slug":"login","status":"publish","type":"page","link":"https:\/\/ceramicpro.com.br\/loja\/login\/","title":{"rendered":"Login"},"content":{"rendered":"<style>\/*! elementor - v3.11.2 - 22-02-2023 *\/\n.elementor-widget-image{text-align:center}.elementor-widget-image a{display:inline-block}.elementor-widget-image a img[src$=\".svg\"]{width:48px}.elementor-widget-image img{vertical-align:middle;display:inline-block}<\/style>\n<p>\t\t\t\t\t\t\t\t\t\t\t\t<img decoding=\"async\" width=\"250\" height=\"50\" src=\"http:\/\/ceramicpro.com.br\/loja\/wp-content\/uploads\/2023\/03\/ceramic_pro_logo_light_bg.png\" alt=\"\" loading=\"lazy\" srcset=\"https:\/\/ceramicpro.com.br\/loja\/wp-content\/uploads\/2023\/03\/ceramic_pro_logo_light_bg.png 250w, https:\/\/ceramicpro.com.br\/loja\/wp-content\/uploads\/2023\/03\/ceramic_pro_logo_light_bg-64x13.png 64w\" sizes=\"auto, (max-width: 250px) 100vw, 250px\" \/>\t\t\t\t\t\t\t\t\t\t\t\t\t\t\t<\/p>\n<style>\/*! elementor - v3.11.2 - 22-02-2023 *\/\n.elementor-heading-title{padding:0;margin:0;line-height:1}.elementor-widget-heading .elementor-heading-title[class*=elementor-size-]>a{color:inherit;font-size:inherit;line-height:inherit}.elementor-widget-heading .elementor-heading-title.elementor-size-small{font-size:15px}.elementor-widget-heading .elementor-heading-title.elementor-size-medium{font-size:19px}.elementor-widget-heading .elementor-heading-title.elementor-size-large{font-size:29px}.elementor-widget-heading .elementor-heading-title.elementor-size-xl{font-size:39px}.elementor-widget-heading .elementor-heading-title.elementor-size-xxl{font-size:59px}<\/style>\n<h2>Cuidados Posteriores<\/h2>\n<h2>Entre ou cadastre-se para continuar<\/h2>\n<h2>Se voc\u00ea j\u00e1 \u00e9 cadastrado , preencha para fazer login.<\/h2>\n<p>[forminator_form id=&#8221;3054&#8243;]<\/p>\n<h2>Ou fa\u00e7a seu cadastro. (Guarde bem a senha)<\/h2>\n<p>[forminator_form id=&#8221;3055&#8243;]<\/p>\n<h2>Voc\u00ea j\u00e1 est\u00e1 logado!<\/h2>\n<p>\t\t\t<a href=\"https:\/\/ceramicpro.com.br\/loja\/loja\" role=\"button\"><br \/>\n\t\t\t\t\t\tIr para a loja<br \/>\n\t\t\t\t\t<\/a><\/p>\n<h2><a href=\"https:\/\/ceramicpro.com.br\/loja\/customer-logout\/?_wpnonce=34f7993e35\">Ou clique aqui para sair<\/a><\/h2>\n<p>Contato<\/p>\n<h2>Rua Francisco Nunes, 1544 \u2022 Prado Velho \u2022 Curitiba \u2022 Paran\u00e1<\/h2>\n<h2>Telefones:<\/h2>\n<link rel=\"stylesheet\" href=\"https:\/\/ceramicpro.com.br\/loja\/wp-content\/plugins\/elementor\/assets\/css\/widget-icon-list.min.css\">\n<ul>\n<li>\n\t\t\t\t\t\t\t\t\t\t(41)3092-5445\n\t\t\t\t\t\t\t\t\t<\/li>\n<\/ul>\n<ul>\n<li>\n\t\t\t\t\t\t\t\t\t\t\t<a href=\"https:\/\/wa.me\/5541998802626?text=Ol%C3%A1%2C+venho+atrav%C3%A9s+do+site...\"><br \/>\n\t\t\t\t\t\t\t\t\t\t(41) 99880-2626<br \/>\n\t\t\t\t\t\t\t\t\t\t\t<\/a>\n\t\t\t\t\t\t\t\t\t<\/li>\n<\/ul>\n<h2> Email: contato@ceramicpro.com.br<br \/>\n<\/h2>\n<style>\/*! elementor - v3.11.2 - 22-02-2023 *\/\n.elementor-column .elementor-spacer-inner{height:var(--spacer-size)}.e-con{--container-widget-width:100%}.e-con-inner>.elementor-widget-spacer,.e-con>.elementor-widget-spacer{width:var(--container-widget-width,var(--spacer-size));--align-self:var(--container-widget-align-self,initial);--flex-shrink:0}.e-con-inner>.elementor-widget-spacer>.elementor-widget-container,.e-con-inner>.elementor-widget-spacer>.elementor-widget-container>.elementor-spacer,.e-con>.elementor-widget-spacer>.elementor-widget-container,.e-con>.elementor-widget-spacer>.elementor-widget-container>.elementor-spacer{height:100%}.e-con-inner>.elementor-widget-spacer>.elementor-widget-container>.elementor-spacer>.elementor-spacer-inner,.e-con>.elementor-widget-spacer>.elementor-widget-container>.elementor-spacer>.elementor-spacer-inner{height:var(--container-widget-height,var(--spacer-size))}<\/style>\n<p>\t\t\t\t\t\t\t\t\t\t\t\t\t\t\t<img decoding=\"async\" width=\"660\" height=\"165\" src=\"http:\/\/ceramicpro.com.br\/loja\/wp-content\/uploads\/2023\/03\/brand-award-logos-ceramic-pro-800x200-1-2_resized.png\" alt=\"\" loading=\"lazy\" srcset=\"https:\/\/ceramicpro.com.br\/loja\/wp-content\/uploads\/2023\/03\/brand-award-logos-ceramic-pro-800x200-1-2_resized.png 720w, https:\/\/ceramicpro.com.br\/loja\/wp-content\/uploads\/2023\/03\/brand-award-logos-ceramic-pro-800x200-1-2_resized-300x75.png 300w, https:\/\/ceramicpro.com.br\/loja\/wp-content\/uploads\/2023\/03\/brand-award-logos-ceramic-pro-800x200-1-2_resized-680x170.png 680w, https:\/\/ceramicpro.com.br\/loja\/wp-content\/uploads\/2023\/03\/brand-award-logos-ceramic-pro-800x200-1-2_resized-64x16.png 64w, https:\/\/ceramicpro.com.br\/loja\/wp-content\/uploads\/2023\/03\/brand-award-logos-ceramic-pro-800x200-1-2_resized-600x150.png 600w\" sizes=\"auto, (max-width: 660px) 100vw, 660px\" \/><br \/>\n\t\t\t<a href=\"https:\/\/www.facebook.com\/www.ceramicpro.com.br\" target=\"_blank\" rel=\"noopener\"><br \/>\n\t\t\t\t\t\t<\/a><br \/>\n\t\t\t<a href=\"https:\/\/www.youtube.com\/@ceramicprobr4919\" target=\"_blank\" rel=\"noopener\"><br \/>\n\t\t\t\t\t\t<\/a><br \/>\n\t\t\t<a href=\"https:\/\/br.linkedin.com\/\" target=\"_blank\" rel=\"noopener\"><br \/>\n\t\t\t\t\t\t<\/a><br \/>\n\t\t\t<a href=\"https:\/\/www.instagram.com\/ceramicprobrasil\/\" target=\"_blank\" rel=\"noopener\"><br \/>\n\t\t\t\t\t\t<\/a><br \/>\n\t\t\t<a href=\"https:\/\/www.tiktok.com\/@ceramicprobrasil?lang=pt-BR\" target=\"_blank\" rel=\"noopener\"><br \/>\n\t\t\t\t\t\t<\/a><\/p>\n","protected":false},"excerpt":{"rendered":"<p>Cuidados Posteriores Entre ou cadastre-se para continuar Se voc\u00ea j\u00e1 \u00e9 cadastrado , preencha para fazer login. [forminator_form id=&#8221;3054&#8243;] Ou fa\u00e7a seu cadastro. (Guarde bem a senha) [forminator_form id=&#8221;3055&#8243;] Voc\u00ea j\u00e1 est\u00e1 logado! Ir para a loja Ou clique aqui para sair Contato Rua Francisco Nunes, 1544 \u2022 Prado Velho \u2022 Curitiba \u2022 Paran\u00e1 Telefones: [&hellip;]<\/p>\n","protected":false},"author":1,"featured_media":0,"parent":0,"menu_order":0,"comment_status":"closed","ping_status":"closed","template":"elementor_canvas","meta":{"footnotes":""},"class_list":["post-3051","page","type-page","status-publish","hentry"],"_links":{"self":[{"href":"https:\/\/ceramicpro.com.br\/loja\/wp-json\/wp\/v2\/pages\/3051","targetHints":{"allow":["GET"]}}],"collection":[{"href":"https:\/\/ceramicpro.com.br\/loja\/wp-json\/wp\/v2\/pages"}],"about":[{"href":"https:\/\/ceramicpro.com.br\/loja\/wp-json\/wp\/v2\/types\/page"}],"author":[{"embeddable":true,"href":"https:\/\/ceramicpro.com.br\/loja\/wp-json\/wp\/v2\/users\/1"}],"replies":[{"embeddable":true,"href":"https:\/\/ceramicpro.com.br\/loja\/wp-json\/wp\/v2\/comments?post=3051"}],"version-history":[{"count":64,"href":"https:\/\/ceramicpro.com.br\/loja\/wp-json\/wp\/v2\/pages\/3051\/revisions"}],"predecessor-version":[{"id":3122,"href":"https:\/\/ceramicpro.com.br\/loja\/wp-json\/wp\/v2\/pages\/3051\/revisions\/3122"}],"wp:attachment":[{"href":"https:\/\/ceramicpro.com.br\/loja\/wp-json\/wp\/v2\/media?parent=3051"}],"curies":[{"name":"wp","href":"https:\/\/api.w.org\/{rel}","templated":true}]}}