{"id":2880,"date":"2020-04-17T17:03:35","date_gmt":"2020-04-17T20:03:35","guid":{"rendered":"http:\/\/ceramicpro.com.br\/loja\/?page_id=2880"},"modified":"2020-04-17T18:49:06","modified_gmt":"2020-04-17T21:49:06","slug":"contato","status":"publish","type":"page","link":"https:\/\/ceramicpro.com.br\/loja\/contato\/","title":{"rendered":"Contato"},"content":{"rendered":"<div class=\"wpb-content-wrapper\"><p>[vc_row css=&#8221;.vc_custom_1587155958252{margin-top: -50px !important;}&#8221;][vc_column width=&#8221;1\/2&#8243;][vc_column_text]<\/p>\n<h2 class=\"title title-secundary text-left\">Contato<\/h2>\n<div class=\"row\">\n<div class=\"col-xs-12 col-sm-6 text-justify\"><\/div>\n<\/div>\n<p>[\/vc_column_text][\/vc_column][vc_column width=&#8221;1\/2&#8243;][\/vc_column][\/vc_row][vc_row][vc_column width=&#8221;1\/2&#8243;][vc_column_text]Preencha nosso formul\u00e1rio de contato e nossa equipe especializada entrar\u00e1 em contato o mais breve poss\u00edvel.[\/vc_column_text]\n<div class=\"wpcf7 no-js\" id=\"wpcf7-f5-o1\" lang=\"pt-BR\" dir=\"ltr\" data-wpcf7-id=\"5\">\n<div class=\"screen-reader-response\"><p role=\"status\" aria-live=\"polite\" aria-atomic=\"true\"><\/p> <ul><\/ul><\/div>\n<form action=\"\/loja\/wp-json\/wp\/v2\/pages\/2880#wpcf7-f5-o1\" method=\"post\" class=\"wpcf7-form init\" aria-label=\"Formul\u00e1rios de contato\" novalidate=\"novalidate\" data-status=\"init\">\n<div style=\"display: none;\">\n<input type=\"hidden\" name=\"_wpcf7\" value=\"5\" \/>\n<input type=\"hidden\" name=\"_wpcf7_version\" value=\"6.0.6\" \/>\n<input type=\"hidden\" name=\"_wpcf7_locale\" value=\"pt_BR\" \/>\n<input type=\"hidden\" name=\"_wpcf7_unit_tag\" value=\"wpcf7-f5-o1\" \/>\n<input type=\"hidden\" name=\"_wpcf7_container_post\" value=\"0\" \/>\n<input type=\"hidden\" name=\"_wpcf7_posted_data_hash\" value=\"\" \/>\n<\/div>\n<p><label> Nome* (obrigat\u00f3rio):<br \/>\n<span class=\"wpcf7-form-control-wrap\" data-name=\"nome\"><input size=\"40\" maxlength=\"400\" class=\"wpcf7-form-control wpcf7-text wpcf7-validates-as-required\" aria-required=\"true\" aria-invalid=\"false\" value=\"\" type=\"text\" name=\"nome\" \/><\/span> <\/label>\n<\/p>\n<p><label> E-mail* (obrigat\u00f3rio):<br \/>\n<span class=\"wpcf7-form-control-wrap\" data-name=\"email\"><input size=\"40\" maxlength=\"400\" class=\"wpcf7-form-control wpcf7-email wpcf7-validates-as-required wpcf7-text wpcf7-validates-as-email\" aria-required=\"true\" aria-invalid=\"false\" value=\"\" type=\"email\" name=\"email\" \/><\/span> <\/label>\n<\/p>\n<p><label> N\u00famero de telefone* (obrigat\u00f3rio):<br \/>\n<span class=\"wpcf7-form-control-wrap\" data-name=\"telefone\"><input size=\"40\" maxlength=\"400\" class=\"wpcf7-form-control wpcf7-text wpcf7-validates-as-required\" aria-required=\"true\" aria-invalid=\"false\" value=\"\" type=\"text\" name=\"telefone\" \/><\/span> <\/label>\n<\/p>\n<p><label> Mensagem* (obrigat\u00f3rio):<br \/>\n<span class=\"wpcf7-form-control-wrap\" data-name=\"mensagem\"><textarea cols=\"40\" rows=\"10\" maxlength=\"2000\" class=\"wpcf7-form-control wpcf7-textarea wpcf7-validates-as-required\" aria-required=\"true\" aria-invalid=\"false\" name=\"mensagem\"><\/textarea><\/span> <\/label>\n<\/p>\n<p><input class=\"wpcf7-form-control wpcf7-submit has-spinner\" type=\"submit\" value=\"Enviar\" \/>\n<\/p><p style=\"display: none !important;\"><label>&#916;<textarea name=\"_wpcf7_ak_hp_textarea\" cols=\"45\" rows=\"8\" maxlength=\"100\"><\/textarea><\/label><input type=\"hidden\" id=\"ak_js_1\" name=\"_wpcf7_ak_js\" value=\"219\"\/><script>document.getElementById( \"ak_js_1\" ).setAttribute( \"value\", ( new Date() ).getTime() );<\/script><\/p><div class=\"wpcf7-response-output\" aria-hidden=\"true\"><\/div>\n<\/form>\n<\/div>\n[\/vc_column][vc_column width=&#8221;1\/2&#8243;][vc_column_text]<\/p>\n<div class=\"pad-top-1\">\n<h1 class=\"title-secundary text-left\"><i class=\"fa fa-map-marker secundary\"><\/i>\u00a0Endere\u00e7o<\/h1>\n<div class=\"primary light pad-top-1\">\n<h3>R. Francisco Nunes, 1544 &#8211; Prado Velho, Curitiba &#8211; Paran\u00e1<\/h3>\n<\/div>\n<\/div>\n<p>[\/vc_column_text][vc_column_text]<\/p>\n<div class=\"pad-top-1\">\n<h1 class=\"title-secundary text-left\"><i class=\"fa fa-phone secundary\"><\/i>\u00a0Telefone<\/h1>\n<div class=\"primary light pad-top-1\">\n<h3>(41) 3092-5445 \/ (41) 99963-2764 \/ (41) 99880-2626<\/h3>\n<\/div>\n<\/div>\n<p>[\/vc_column_text][vc_column_text]<\/p>\n<div class=\"pad-top-1\">\n<h1 class=\"title-secundary text-left\"><i class=\"fa fa-envelope secundary\"><\/i>\u00a0E-mail<\/h1>\n<div class=\"primary light pad-top-1\">\n<h3><a href=\"mailto:contato@ceramicpro.com.br\">contato@ceramicpro.com.br<\/a><\/h3>\n<\/div>\n<\/div>\n<p>[\/vc_column_text][\/vc_column][\/vc_row][vc_row full_width=&#8221;stretch_row_content_no_spaces&#8221; css=&#8221;.vc_custom_1587158662876{background-color: #dcdcdc !important;}&#8221;][vc_column][vc_column_text css=&#8221;.vc_custom_1587160150933{margin-top: 10px !important;margin-bottom: 10px !important;margin-left: 15% !important;}&#8221;]Preencha nosso formul\u00e1rio para ser um novo aplicador e nossa equipe especializada entrar\u00e1 em contato o mais breve poss\u00edvel.\u00a0 \u00a0 \u00a0 <a href=\"http:\/\/ceramicpro.com.br\/aplicadores\/#seja-aplicador\"><img loading=\"lazy\" decoding=\"async\" class=\"alignnone size-full wp-image-2920\" src=\"http:\/\/ceramicpro.com.br\/loja\/wp-content\/uploads\/2020\/04\/btn.png\" alt=\"\" width=\"198\" height=\"48\" srcset=\"https:\/\/ceramicpro.com.br\/loja\/wp-content\/uploads\/2020\/04\/btn.png 198w, https:\/\/ceramicpro.com.br\/loja\/wp-content\/uploads\/2020\/04\/btn-64x16.png 64w\" sizes=\"auto, (max-width: 198px) 100vw, 198px\" \/><\/a>[\/vc_column_text][\/vc_column][\/vc_row][vc_row full_width=&#8221;stretch_row_content_no_spaces&#8221;][vc_column][vc_column_text]<iframe loading=\"lazy\" style=\"border: 0;\" src=\"https:\/\/www.google.com\/maps\/embed?pb=!1m18!1m12!1m3!1d3602.4992017669933!2d-49.25724768498531!3d-25.4550012837769!2m3!1f0!2f0!3f0!3m2!1i1024!2i768!4f13.1!3m3!1m2!1s0x94dce4efdd905dc1%3A0x9942251f4081f935!2sR.+Francisco+Nunes%2C+1544+-+Rebou%C3%A7as%2C+Curitiba+-+PR%2C+80215-202!5e0!3m2!1spt-BR!2sbr!4v1526309194869\" width=\"100%\" height=\"450\" frameborder=\"0\" allowfullscreen=\"allowfullscreen\"><\/iframe>[\/vc_column_text][\/vc_column][\/vc_row]<\/p>\n<\/div>","protected":false},"excerpt":{"rendered":"<p>[vc_row css=&#8221;.vc_custom_1587155958252{margin-top: -50px !important;}&#8221;][vc_column width=&#8221;1\/2&#8243;][vc_column_text] Contato [\/vc_column_text][\/vc_column][vc_column width=&#8221;1\/2&#8243;][\/vc_column][\/vc_row][vc_row][vc_column width=&#8221;1\/2&#8243;][vc_column_text]Preencha nosso formul\u00e1rio de contato e nossa equipe especializada entrar\u00e1 em contato o mais breve poss\u00edvel.[\/vc_column_text][\/vc_column][vc_column width=&#8221;1\/2&#8243;][vc_column_text] \u00a0Endere\u00e7o R. Francisco Nunes, 1544 &#8211; Prado Velho, Curitiba &#8211; Paran\u00e1 [\/vc_column_text][vc_column_text] \u00a0Telefone (41) 3092-5445 \/ (41) 99963-2764 \/ (41) 99880-2626 [\/vc_column_text][vc_column_text] \u00a0E-mail contato@ceramicpro.com.br [\/vc_column_text][\/vc_column][\/vc_row][vc_row full_width=&#8221;stretch_row_content_no_spaces&#8221; css=&#8221;.vc_custom_1587158662876{background-color: #dcdcdc !important;}&#8221;][vc_column][vc_column_text css=&#8221;.vc_custom_1587160150933{margin-top: [&hellip;]<\/p>\n","protected":false},"author":1,"featured_media":0,"parent":0,"menu_order":0,"comment_status":"closed","ping_status":"closed","template":"","meta":{"footnotes":""},"class_list":["post-2880","page","type-page","status-publish","hentry"],"_links":{"self":[{"href":"https:\/\/ceramicpro.com.br\/loja\/wp-json\/wp\/v2\/pages\/2880","targetHints":{"allow":["GET"]}}],"collection":[{"href":"https:\/\/ceramicpro.com.br\/loja\/wp-json\/wp\/v2\/pages"}],"about":[{"href":"https:\/\/ceramicpro.com.br\/loja\/wp-json\/wp\/v2\/types\/page"}],"author":[{"embeddable":true,"href":"https:\/\/ceramicpro.com.br\/loja\/wp-json\/wp\/v2\/users\/1"}],"replies":[{"embeddable":true,"href":"https:\/\/ceramicpro.com.br\/loja\/wp-json\/wp\/v2\/comments?post=2880"}],"version-history":[{"count":46,"href":"https:\/\/ceramicpro.com.br\/loja\/wp-json\/wp\/v2\/pages\/2880\/revisions"}],"predecessor-version":[{"id":2927,"href":"https:\/\/ceramicpro.com.br\/loja\/wp-json\/wp\/v2\/pages\/2880\/revisions\/2927"}],"wp:attachment":[{"href":"https:\/\/ceramicpro.com.br\/loja\/wp-json\/wp\/v2\/media?parent=2880"}],"curies":[{"name":"wp","href":"https:\/\/api.w.org\/{rel}","templated":true}]}}